{"id":3,"date":"2025-07-31T15:05:20","date_gmt":"2025-07-31T15:05:20","guid":{"rendered":"http:\/\/remobee.de\/?page_id=3"},"modified":"2025-09-12T08:20:20","modified_gmt":"2025-09-12T08:20:20","slug":"datenschutzerklarung","status":"publish","type":"page","link":"https:\/\/remobee.de\/en\/datenschutzerklarung\/","title":{"rendered":"Privacy Policy."},"content":{"rendered":"<h2 class=\"wp-block-heading\">1. Allgemeine Hinweise<\/h2>\n\n\n\n<p>Der Schutz Ihrer pers\u00f6nlichen Daten ist uns ein besonderes Anliegen. Wir behandeln Ihre personenbezogenen Daten vertraulich und entsprechend den gesetzlichen Datenschutzvorschriften sowie dieser Datenschutzerkl\u00e4rung.<\/p>\n\n\n\n<p>Verantwortlich f\u00fcr die Datenverarbeitung auf dieser Website ist:<\/p>\n\n\n\n<p><strong>Maro Gasparyan Varazdati IE<br><\/strong>Avetis Aharonyan 18\/25<br>0069 Yerevan, Armenia<br>E-Mail:\u00a0<a>info@remobee.de<\/a><\/p>\n\n\n\n<hr class=\"wp-block-separator has-alpha-channel-opacity\"\/>\n\n\n\n<h2 class=\"wp-block-heading\">2. Erhebung und Speicherung personenbezogener Daten sowie Art und Zweck der Verwendung<\/h2>\n\n\n\n<h3 class=\"wp-block-heading\">a) Beim Besuch der Website<\/h3>\n\n\n\n<p>Beim Aufrufen unserer Website werden automatisch Informationen durch den Browser Ihres Endger\u00e4ts an unseren Server gesendet. Diese Informationen werden tempor\u00e4r in sogenannten Logfiles gespeichert. Folgende Daten k\u00f6nnen erfasst werden:<\/p>\n\n\n\n<ul class=\"wp-block-list\">\n<li>IP-Adresse des anfragenden Rechners<\/li>\n\n\n\n<li>Datum und Uhrzeit des Zugriffs<\/li>\n\n\n\n<li>Name und URL der abgerufenen Datei<\/li>\n\n\n\n<li>Website, von der aus der Zugriff erfolgt (Referrer-URL)<\/li>\n\n\n\n<li>verwendeter Browser und ggf. das Betriebssystem Ihres Rechners sowie der Name Ihres Access-Providers<\/li>\n<\/ul>\n\n\n\n<p>Die genannten Daten werden zu folgenden Zwecken verarbeitet:<\/p>\n\n\n\n<ul class=\"wp-block-list\">\n<li>Gew\u00e4hrleistung eines reibungslosen Verbindungsaufbaus<\/li>\n\n\n\n<li>Gew\u00e4hrleistung einer komfortablen Nutzung unserer Website<\/li>\n\n\n\n<li>Auswertung der Systemsicherheit und -stabilit\u00e4t<\/li>\n\n\n\n<li>zu weiteren administrativen Zwecken<\/li>\n<\/ul>\n\n\n\n<hr class=\"wp-block-separator has-alpha-channel-opacity\"\/>\n\n\n\n<h2 class=\"wp-block-heading\">3. Cookies<\/h2>\n\n\n\n<p>Wir setzen auf unserer Website Cookies ein. Dabei handelt es sich um kleine Dateien, die Ihr Browser automatisch erstellt und die auf Ihrem Endger\u00e4t gespeichert werden. Cookies dienen dazu, unser Angebot nutzerfreundlicher, effektiver und sicherer zu machen.<\/p>\n\n\n\n<p>Sie k\u00f6nnen Ihre Browser-Einstellungen so anpassen, dass keine Cookies gespeichert werden oder stets ein Hinweis erscheint, bevor ein neuer Cookie angelegt wird.<\/p>\n\n\n\n<hr class=\"wp-block-separator has-alpha-channel-opacity\"\/>\n\n\n\n<h2 class=\"wp-block-heading\">4. Analyse- und Tracking-Tools<\/h2>\n\n\n\n<h3 class=\"wp-block-heading\">a) Google Analytics<\/h3>\n\n\n\n<p>Diese Website nutzt Funktionen des Webanalysedienstes&nbsp;<strong>Google Analytics<\/strong>. Anbieter ist die Google Ireland Limited, Gordon House, Barrow Street, Dublin 4, Irland.<br>Google Analytics verwendet Cookies, die eine Analyse Ihrer Nutzung der Website erm\u00f6glichen. Die durch Cookies erfassten Informationen \u00fcber Ihre Benutzung der Website werden in der Regel an einen Server von Google in den USA \u00fcbertragen und dort gespeichert.<\/p>\n\n\n\n<p>Wir nutzen die Funktion&nbsp;<strong>IP-Anonymisierung<\/strong>, sodass Ihre IP-Adresse innerhalb der EU oder des EWR vor der \u00dcbermittlung an die USA gek\u00fcrzt wird. Nur in Ausnahmef\u00e4llen wird die volle IP-Adresse an Google-Server in die USA \u00fcbertragen und dort gek\u00fcrzt.<\/p>\n\n\n\n<h3 class=\"wp-block-heading\">b) Google Tag Manager<\/h3>\n\n\n\n<p>Diese Website nutzt den&nbsp;<strong>Google Tag Manager<\/strong>. Mit diesem Tool k\u00f6nnen Website-Tags effizient verwaltet werden. Der Tag Manager selbst (welcher die Tags implementiert) verarbeitet keine personenbezogenen Daten.<\/p>\n\n\n\n<h3 class=\"wp-block-heading\">c) Facebook Pixel<\/h3>\n\n\n\n<p>Unsere Website nutzt das&nbsp;<strong>Facebook-Pixel<\/strong>&nbsp;des sozialen Netzwerks Meta (Facebook Ireland Ltd., 4 Grand Canal Square, Dublin 2, Irland). Mithilfe des Pixels k\u00f6nnen wir das Verhalten der Nutzer nachverfolgen, nachdem diese durch Klick auf eine Facebook-Werbeanzeige auf unsere Website weitergeleitet wurden.<\/p>\n\n\n\n<p>Die erhobenen Daten sind f\u00fcr uns als Betreiber dieser Website anonym. Wir k\u00f6nnen keine R\u00fcckschl\u00fcsse auf die Identit\u00e4t der Nutzer ziehen. Die Daten werden jedoch von Facebook gespeichert und verarbeitet, sodass eine Verbindung zum jeweiligen Nutzerprofil m\u00f6glich ist und Facebook die Daten f\u00fcr eigene Werbezwecke nutzen kann.<\/p>\n\n\n\n<hr class=\"wp-block-separator has-alpha-channel-opacity\"\/>\n\n\n\n<h2 class=\"wp-block-heading\">5. Weitergabe von Daten<\/h2>\n\n\n\n<p>Eine \u00dcbermittlung Ihrer pers\u00f6nlichen Daten an Dritte findet grunds\u00e4tzlich nicht statt, au\u00dfer<\/p>\n\n\n\n<ul class=\"wp-block-list\">\n<li>wenn Sie Ihre ausdr\u00fcckliche Einwilligung erteilt haben,<\/li>\n\n\n\n<li>wenn die Verarbeitung zur Erf\u00fcllung eines Vertrags mit Ihnen erforderlich ist,<\/li>\n\n\n\n<li>wenn eine rechtliche Verpflichtung zur Weitergabe besteht,<\/li>\n\n\n\n<li>wenn die Verarbeitung zur Wahrung berechtigter Interessen erforderlich ist und kein Grund zur Annahme besteht, dass Sie ein \u00fcberwiegendes schutzw\u00fcrdiges Interesse an der Nichtweitergabe Ihrer Daten haben.<\/li>\n<\/ul>\n\n\n\n<hr class=\"wp-block-separator has-alpha-channel-opacity\"\/>\n\n\n\n<h2 class=\"wp-block-heading\">6. Betroffenenrechte<\/h2>\n\n\n\n<p>Sie haben das Recht:<\/p>\n\n\n\n<ul class=\"wp-block-list\">\n<li>gem\u00e4\u00df Art. 15 DSGVO Auskunft \u00fcber Ihre von uns verarbeiteten personenbezogenen Daten zu verlangen,<\/li>\n\n\n\n<li>gem\u00e4\u00df Art. 16 DSGVO unverz\u00fcglich die Berichtigung unrichtiger oder die Vervollst\u00e4ndigung Ihrer bei uns gespeicherten Daten zu verlangen,<\/li>\n\n\n\n<li>gem\u00e4\u00df Art. 17 DSGVO die L\u00f6schung Ihrer gespeicherten personenbezogenen Daten zu verlangen,<\/li>\n\n\n\n<li>gem\u00e4\u00df Art. 18 DSGVO die Einschr\u00e4nkung der Verarbeitung Ihrer Daten zu verlangen,<\/li>\n\n\n\n<li>gem\u00e4\u00df Art. 20 DSGVO Ihre personenbezogenen Daten in einem strukturierten, g\u00e4ngigen und maschinenlesbaren Format zu erhalten oder die \u00dcbermittlung an einen anderen Verantwortlichen zu verlangen,<\/li>\n\n\n\n<li>gem\u00e4\u00df Art. 7 Abs. 3 DSGVO Ihre einmal erteilte Einwilligung jederzeit zu widerrufen,<\/li>\n\n\n\n<li>gem\u00e4\u00df Art. 77 DSGVO sich bei einer Aufsichtsbeh\u00f6rde zu beschweren.<\/li>\n<\/ul>\n\n\n\n<hr class=\"wp-block-separator has-alpha-channel-opacity\"\/>\n\n\n\n<h2 class=\"wp-block-heading\">7. Datensicherheit<\/h2>\n\n\n\n<p>Wir verwenden innerhalb des Website-Besuchs das verbreitete&nbsp;<strong>SSL-Verfahren<\/strong>&nbsp;(Secure Socket Layer) in Verbindung mit der jeweils h\u00f6chsten Verschl\u00fcsselungsstufe, die von Ihrem Browser unterst\u00fctzt wird.<\/p>\n\n\n\n<hr class=\"wp-block-separator has-alpha-channel-opacity\"\/>\n\n\n\n<h2 class=\"wp-block-heading\">8. Aktualit\u00e4t und \u00c4nderung dieser Datenschutzerkl\u00e4rung<\/h2>\n\n\n\n<p>Diese Datenschutzerkl\u00e4rung ist aktuell g\u00fcltig und hat den Stand&nbsp;<strong>September 2025<\/strong>.<br>Durch die Weiterentwicklung unserer Website oder aufgrund ge\u00e4nderter gesetzlicher bzw. beh\u00f6rdlicher Vorgaben kann es notwendig werden, diese Datenschutzerkl\u00e4rung zu \u00e4ndern.<\/p>\n\n\n\n<p><\/p>","protected":false},"excerpt":{"rendered":"<p>1. Allgemeine Hinweise Der Schutz Ihrer pers\u00f6nlichen Daten ist uns ein besonderes Anliegen. Wir behandeln Ihre personenbezogenen Daten vertraulich und entsprechend den gesetzlichen Datenschutzvorschriften sowie dieser Datenschutzerkl\u00e4rung. Verantwortlich f\u00fcr die Datenverarbeitung auf dieser Website ist: Maro Gasparyan Varazdati IEAvetis Aharonyan 18\/250069 Yerevan, ArmeniaE-Mail:\u00a0info@remobee.de 2. Erhebung und Speicherung personenbezogener Daten sowie Art und Zweck der Verwendung [&hellip;]<\/p>","protected":false},"author":1,"featured_media":0,"parent":0,"menu_order":0,"comment_status":"closed","ping_status":"open","template":"","meta":{"_acf_changed":false,"footnotes":""},"class_list":["post-3","page","type-page","status-publish","hentry"],"acf":[],"_links":{"self":[{"href":"https:\/\/remobee.de\/en\/wp-json\/wp\/v2\/pages\/3","targetHints":{"allow":["GET"]}}],"collection":[{"href":"https:\/\/remobee.de\/en\/wp-json\/wp\/v2\/pages"}],"about":[{"href":"https:\/\/remobee.de\/en\/wp-json\/wp\/v2\/types\/page"}],"author":[{"embeddable":true,"href":"https:\/\/remobee.de\/en\/wp-json\/wp\/v2\/users\/1"}],"replies":[{"embeddable":true,"href":"https:\/\/remobee.de\/en\/wp-json\/wp\/v2\/comments?post=3"}],"version-history":[{"count":3,"href":"https:\/\/remobee.de\/en\/wp-json\/wp\/v2\/pages\/3\/revisions"}],"predecessor-version":[{"id":209,"href":"https:\/\/remobee.de\/en\/wp-json\/wp\/v2\/pages\/3\/revisions\/209"}],"wp:attachment":[{"href":"https:\/\/remobee.de\/en\/wp-json\/wp\/v2\/media?parent=3"}],"curies":[{"name":"wp","href":"https:\/\/api.w.org\/{rel}","templated":true}]}}